{"id":60,"date":"2025-01-01T12:53:00","date_gmt":"2025-01-01T12:53:00","guid":{"rendered":"https:\/\/sergioasian.es\/?page_id=60"},"modified":"2025-05-06T16:51:12","modified_gmt":"2025-05-06T16:51:12","slug":"composiciones","status":"publish","type":"page","link":"https:\/\/sergioasian.es\/index.php\/composiciones\/","title":{"rendered":"Composiciones"},"content":{"rendered":"\t\t<div data-elementor-type=\"wp-page\" data-elementor-id=\"60\" class=\"elementor elementor-60\">\n\t\t\t\t\t\t<section class=\"elementor-section elementor-top-section elementor-element elementor-element-1cf6eb63 elementor-section-boxed elementor-section-height-default elementor-section-height-default\" data-id=\"1cf6eb63\" data-element_type=\"section\">\n\t\t\t\t\t\t<div class=\"elementor-container elementor-column-gap-default\">\n\t\t\t\t\t<div class=\"elementor-column elementor-col-100 elementor-top-column elementor-element elementor-element-160f7043\" data-id=\"160f7043\" data-element_type=\"column\">\n\t\t\t<div class=\"elementor-widget-wrap elementor-element-populated\">\n\t\t\t\t\t\t<div class=\"elementor-element elementor-element-5ae2eb21 elementor-widget elementor-widget-text-editor\" data-id=\"5ae2eb21\" data-element_type=\"widget\" data-widget_type=\"text-editor.default\">\n\t\t\t\t<div class=\"elementor-widget-container\">\n\t\t\t\t\t\t\t\t\t\n<p>Sergio Asi\u00e1n realiza composiciones desde que pr\u00e1cticamente inicia sus estudios musicales all\u00e1 por 1993. El estilo que prevalece en sus obras es cl\u00e1sico, religioso, sencillo, con claridad sonora y formas tonales. En esta secci\u00f3n podr\u00e1n encontrar un resumen de su dilatada trayectoria compositiva, del que hemos destacado en cada a\u00f1o algunas\u00a0obras:<\/p>\n<ul>\n<li><strong>1994<\/strong><\/li>\n<\/ul>\n<p><\/p>\n<p><strong>Lamentaciones<\/strong><\/p>\n<p><\/p>\n<p>Coro mixto, solista y \u00f3rgano<\/p>\n<p>\u00a0<\/p>\n<hr class=\"wp-block-separator\" \/>\n<ul>\n<li><strong>1995<\/strong><\/li>\n<\/ul>\n<p><\/p>\n<p><strong>Nana al Ni\u00f1o Jes\u00fas<\/strong><\/p>\n<p><strong><\/strong><\/p>\n<p>Coro mixto<\/p>\n<p><strong>Venid Pastores<\/strong><\/p>\n<p><\/p>\n<p>Coro mixto (Navidad)<\/p>\n<p><strong>Nana al Lucero<\/strong><\/p>\n<p><\/p>\n<p>Coro mixto (Navidad)<\/p>\n<p>\u00a0<\/p>\n<p>\u00a0<\/p>\n<hr class=\"wp-block-separator\" \/>\n<ul class=\"wp-block-list\">\n<li><strong>1996<\/strong><\/li>\n<\/ul>\n\n<p><strong>Misa Brevis en Sol Mayor<\/strong><\/p>\n\n<p>Coro mixto y \u00f3rgano<\/p>\n<p>\u00a0<\/p>\n<p>\u00a0<\/p>\n<hr class=\"wp-block-separator\" \/>\n<p><\/p>\n<ul>\n<li><strong>1997<\/strong><\/li>\n<\/ul>\n<p><\/p>\n<p><strong>Ave Maria<\/strong><\/p>\n<p><\/p>\n<p>Coro mixto\u00a0<\/p>\n<p><strong>Fantas\u00eda &#8220;Cuss\u00f3&#8221;<\/strong><\/p>\n<p><\/p>\n<p>Fantas\u00eda para piano<\/p>\n<p>\u00a0<\/p>\n<p>\u00a0<\/p>\n<hr class=\"wp-block-separator\" \/>\n<ul class=\"wp-block-list\">\n<li><strong>1998<\/strong><\/li>\n<\/ul>\n\n<p><strong>Misa \u00abBrevis\u00bb en Do Mayor<\/strong><\/p>\n<p><\/p>\n<p>Coro mixto y \u00f3rgano<\/p>\n<p><strong>El sue\u00f1o infinito<\/strong><\/p>\n<p><\/p>\n<p>Balada para piano<\/p>\n<p><strong>Soy sin ti<\/strong><\/p>\n<p><\/p>\n<p>Coro mixto, solista y piano<\/p>\n<p><strong>Ojos de Mar<\/strong>\u00a0(Habanera navide\u00f1a)<\/p>\n\n<p>Coro mixto (a 5) \u2013 Re-adaptaci\u00f3n para Coro y piano en 2013<\/p>\n<p>\u00a0<\/p>\n<p>\u00a0<\/p>\n<hr class=\"wp-block-separator\" \/>\n<ul class=\"wp-block-list\">\n<li><strong>1999<\/strong><\/li>\n<\/ul>\n\n<p><strong>Misa \u00abCristo de la Vera-Cruz\u00bb<\/strong><\/p>\n\n<p>Coro mixto y \u00f3rgano<\/p>\n<p><strong>Cantate Domino<\/strong><\/p>\n<p><\/p>\n<p>Coro mixto y \u00f3rgano<\/p>\n<p><strong>Dios te salve, Inmaculada<\/strong><\/p>\n<p><\/p>\n<p>Coro mixto y \u00f3rgano<\/p>\n<p>\u00a0<\/p>\n<p>\u00a0<\/p>\n<hr class=\"wp-block-separator\" \/>\n<ul class=\"wp-block-list\">\n<li><strong>2000<\/strong><\/li>\n<\/ul>\n\n<p><strong>T\u00fa, Soledad<\/strong><\/p>\n\n<p>Marcha Procesional<\/p>\n\n<p><strong>Capillas al Cristo de la Vera-Cruz<\/strong><\/p>\n\n<p>Tr\u00edo Musical: Oboe, Clarinete y Fagot<\/p>\n\n<p><strong>L\u00e1mpara para mis pasos<\/strong><\/p>\n\n<p>Coro mixto<\/p>\n<p>\u00a0<\/p>\n<p>\u00a0<\/p>\n<hr class=\"wp-block-separator\" \/>\n<ul class=\"wp-block-list\">\n<li><strong>2001<\/strong><\/li>\n<\/ul>\n\n<p><strong>Misa Brevis en Sol menor<\/strong><\/p>\n\n<p>Coro mixto y \u00f3rgano<\/p>\n\n<p><strong>Madre M\u00eda, Dolorosa<\/strong> (Plegaria dedicada a Ntra. Sra. de la Soledad de Coria del R\u00edo)<\/p>\n\n<p>Coro mixto, solista y \u00f3rgano<\/p>\n\n<p><strong>Capillas al Cristo Yacente<\/strong> (dedicada a la Hdad. de Ntra. Sra. de la Soledad de Coria del R\u00edo)<\/p>\n\n<p>Tr\u00edo Musical: Oboe, Clarinete y Fagot<\/p>\n\n<p><strong>Santa Mar\u00eda de la Estrella<\/strong> (dedicada a Ntra. Sra. de la Estrella de Coria del R\u00edo)<\/p>\n\n<p>Marcha Procesional<\/p>\n<p>\u00a0<\/p>\n<p>\u00a0<\/p>\n<hr class=\"wp-block-separator\" \/>\n<ul class=\"wp-block-list\">\n<li><strong>2002<\/strong><\/li>\n<\/ul>\n\n<p><strong>Pange Lingua<\/strong><\/p>\n\n<p>Coro mixto<\/p>\n<p>\u00a0<\/p>\n<p>\u00a0<\/p>\n<hr class=\"wp-block-separator\" \/>\n<ul class=\"wp-block-list\">\n<li><strong>2003<\/strong><\/li>\n<\/ul>\n\n<p><strong>Umbrete es<\/strong> (dedicado al municipio sevillano de Umbrete)<\/p>\n\n<p>Himno para Coro mixto y Banda de M\u00fasica.<\/p>\n<p>\u00a0<\/p>\n<p><strong>Quinteto para viento<\/strong><\/p>\n<p><\/p>\n<p>Flauta, Oboe, Clarinete, Trompa y Fagot.<\/p>\n<p>\u00a0<\/p>\n\n<p><strong>Aparici\u00f3n de Cristo Rey<\/strong> (dedicado al Coro &#8220;Santa Mar\u00eda&#8221; por su X Aniversario)<\/p>\n\n<p>Introito Misa \u00abCristo Rey\u00bb para Coro, Solistas y \u00f3rgano.<\/p>\n<p>\u00a0<\/p>\n\n<p><strong>Kyrie<\/strong>\u00a0\u00abCarta a las siete Iglesias\u00bb (dedicado al Coro &#8220;Santa Mar\u00eda&#8221; por su X Aniversario)<\/p>\n\n<p>Misa \u00abCristo Rey\u00bb para Coro, Solistas y \u00f3rgano<\/p>\n\n<p><strong>Agnus Dei<\/strong> (dedicado al Coro &#8220;Santa Mar\u00eda&#8221; por su X Aniversario)<\/p>\n\n<p>Misa \u00abCristo Rey\u00bb para Coro, Solistas y \u00f3rgano<\/p>\n<p>\u00a0<\/p>\n<p>\u00a0<\/p>\n<hr class=\"wp-block-separator\" \/>\n<p><\/p>\n<ul>\n<li><strong>2004<\/strong><\/li>\n<\/ul>\n<p><\/p>\n<p><strong>Nostalgia<\/strong><\/p>\n<p><\/p>\n<p>Balada para piano<\/p>\n<p>\u00a0<\/p>\n<p>\u00a0<\/p>\n<hr class=\"wp-block-separator\" \/>\n<ul class=\"wp-block-list\">\n<li><strong>2005<\/strong><\/li>\n<\/ul>\n\n<p><strong>Madre de la Soledad Coronada<\/strong>\u00a0(dedicado a Ntra. Sra. de la Soledad de Coria del R\u00edo)<\/p>\n\n<p>Marcha Procesional.<\/p>\n<p>\u00a0<\/p>\n\n<p><strong>Himno de Coronaci\u00f3n<\/strong>\u00a0(dedicado a Ntra. Sra. de la Soledad de Coria del R\u00edo)<\/p>\n\n<p>Coro y \u00f3rgano.<\/p>\n<p>\u00a0<\/p>\n<p>\u00a0<\/p>\n<hr class=\"wp-block-separator\" \/>\n<ul class=\"wp-block-list\">\n<li><strong>2006<\/strong><\/li>\n<\/ul>\n\n<p><strong>Stabat Mater Dolorosa<\/strong><\/p>\n\n<p>Coro, solistas y orquesta.<\/p>\n<p>\u00a0<\/p>\n<p>\u00a0<\/p>\n<hr class=\"wp-block-separator\" \/>\n<p><\/p>\n<ul>\n<li><strong>2008<\/strong><\/li>\n<\/ul>\n<p><\/p>\n<p><strong>Et incarnatus est <\/strong>(Dedicado a la Hdad. del Santo Crucifijo de la Salud de Jerez de la Frontera)<\/p>\n<p><\/p>\n<p>Coro mixto SATB (a capella).<\/p>\n<p>\u00a0<\/p>\n<p>\u00a0<\/p>\n<hr class=\"wp-block-separator\" \/>\n<ul class=\"wp-block-list\">\n<li><strong>2009<\/strong><\/li>\n<\/ul>\n\n<p><strong>Christus factus est<\/strong><\/p>\n\n<p>Voces graves y Capilla Musical<\/p>\n\n<p><strong>Crux Fidelis<\/strong><\/p>\n\n<p>Voces graves y Capilla Musical<\/p>\n\n<p><strong>Hoc est Corpus<\/strong><\/p>\n\n<p>Voces graves y Capilla Musical<\/p>\n\n<p><strong>Filiae Ierusalem<\/strong><\/p>\n\n<p>Voces graves y Capilla Musical<\/p>\n\n<p><strong>Oh Salutaris Hostia\u00a0<\/strong>(dedicado al Stmo. Cristo del Desamparo y Abandono)<\/p>\n\n<p>Coro mixto y \u00f3rgano<\/p>\n<p>\u00a0<\/p>\n<p>\u00a0<\/p>\n<hr class=\"wp-block-separator\" \/>\n<ul class=\"wp-block-list\">\n<li><strong>2010<\/strong><\/li>\n<\/ul>\n\n<p><strong>El Sacramento<\/strong>\u00a0(dedicado a la Hdad. de la Vera-Cruz de Sevilla)<\/p>\n\n<p>Coro mixto y \u00f3rgano.<\/p>\n<p>\u00a0<\/p>\n\n<p><strong>Himno a Jes\u00fas de la Vera-Cruz<\/strong>\u00a0(dedicado a la Hdad. de la Vera-Cruz de Coria del R\u00edo)<\/p>\n\n<p>Coro mixto y \u00f3rgano.<\/p>\n<p>\u00a0<\/p>\n\n<p><strong>El principito descalzo<\/strong><\/p>\n\n<p>Voces Blancas y piano.<\/p>\n<p>\u00a0<\/p>\n<p>\u00a0<\/p>\n<hr class=\"wp-block-separator\" \/>\n<ul class=\"wp-block-list\">\n<li><strong>2011<\/strong><\/li>\n<\/ul>\n\n<p><strong>El Divino Leproso<\/strong>\u00a0(dedicado a la Hdad. de Jes\u00fas del Gran Poder de Sevilla)<\/p>\n\n<p>Coro mixto<\/p>\n<p>\u00a0<\/p>\n\n<p><strong>M\u00fasicas de la Vera-Cruz <\/strong>(tr\u00edptico de Capilla dedicado a la Hdad. de la Vera-Cruz de Sevilla)<\/p>\n\n<p>Toma Tu Cruz\/Lignum Crucis\/L\u00e1grimas de Tristeza<\/p>\n\n<p>Tr\u00edo Musical: Oboe, Clarinete y Fagot<\/p>\n<p>\u00a0<\/p>\n<p>\u00a0<\/p>\n<hr class=\"wp-block-separator\" \/>\n<ul class=\"wp-block-list\">\n<li><strong>2012<\/strong><\/li>\n<\/ul>\n\n<p><strong>Himno a la Cruz<\/strong>\u00a0(dedicado a la Hdad. de la Vera-Cruz de Sevilla)<\/p>\n\n<p>Coro mixto \/ Voces Graves\/ Capilla Musical<\/p>\n\n<p><strong>Vigilate et orate<\/strong>\u00a0(dedicado a la Hdad. de la Vera-Cruz de Sevilla)<\/p>\n\n<p>Coro mixto\/ Voces Graves\/ Capilla Musical<\/p>\n\n<p><strong>Tristis est anima mea<\/strong>\u00a0(dedicado a la Hdad. de la Vera-Cruz de Sevilla)<\/p>\n\n<p>Coro mixto\/ Voces Graves\/ Capilla Musical<\/p>\n\n<p><strong>Jes\u00fas, acu\u00e9rdate de mi<\/strong>\u00a0(dedicado a la Hdad. de la Vera-Cruz de Sevilla)<\/p>\n\n<p>Coro mixto\/ Voces Graves\/ Capilla Musical<\/p>\n<p>\u00a0<\/p>\n<p>\u00a0<\/p>\n<hr class=\"wp-block-separator\" \/>\n<ul class=\"wp-block-list\">\n<li><strong>2013<\/strong><\/li>\n<\/ul>\n\n<p><strong>Jes\u00fas carga con la Cruz\u00a0<\/strong>(dedicado a Ntro. Padre Jes\u00fas de la Humildad del Cerro del \u00c1guila \u2013 Sevilla)<\/p>\n\n<p>Voces graves y Capilla Musical<\/p>\n<p>\u00a0<\/p>\n<p>\u00a0<\/p>\n<hr class=\"wp-block-separator\" \/>\n<ul class=\"wp-block-list\">\n<li><strong>2018<\/strong><\/li>\n<\/ul>\n\n<p><strong>Domine Iesu Christe\u00a0<\/strong>(dedicado al Stmo. Cristo de la Expiraci\u00f3n de C\u00f3rdoba)<\/p>\n\n<p>Voces graves\/ Coro mixto y Capilla Musical<\/p>\n<p>\u00a0<\/p>\n<p>\u00a0<\/p>\n<hr class=\"wp-block-separator\" \/>\n<ul class=\"wp-block-list\">\n<li><strong>2019<\/strong><\/li>\n<\/ul>\n\n<p><strong>Calvarium\u00a0<\/strong>(Tr\u00edptico para capilla musical dedicado a la Capilla Musical \u00abCalvarium\u00bb de Sevilla)<\/p>\n\n<p>Tr\u00edo de Capilla: Oboe, Clarinete y Fagot.<\/p>\n<p>\u00a0<\/p>\n<p>\u00a0<\/p>\n<hr class=\"wp-block-separator\" \/>\n<ul class=\"wp-block-list\">\n<li><strong>2020<\/strong><\/li>\n<\/ul>\n\n<p><strong>Amado Jes\u00fas m\u00edo\u00a0<\/strong>(dedicado al Stmo. Cristo de la Expiraci\u00f3n de C\u00f3rdoba)<\/p>\n\n<p>Voces Graves\/ Coro mixto y Capilla musical<\/p>\n\n<p><strong>Ecce Homo \u00a0<\/strong>(dedicado a la Capilla Musical \u00abArs Sacra\u00bb)<\/p>\n\n<p>Tr\u00edo de Capilla: Oboe, Clarinete y Fagot.<\/p>\n<p>\u00a0<\/p>\n<hr \/>\n<p><\/p>\n<ul>\n<li><strong>2021<\/strong><\/li>\n<\/ul>\n<p><\/p>\n<p><strong>Tr\u00edo &#8220;Piedad de San Jos\u00e9&#8221; <\/strong>(dedicado a la Hdad. Sacramental de San Jos\u00e9)<\/p>\n<p><\/p>\n<p>Tr\u00edo de Capilla: Oboe, Clarinete y Fagot.<\/p>\n<p><\/p>\n<p>\u00a0<\/p>\n<p>\u00a0<\/p>\n<hr \/>\n<ul>\n<li><strong>2022<\/strong><\/li>\n<\/ul>\n\n<p><strong>Misa &#8220;Exaltatio Sanctae Crucis&#8221; <\/strong>(dedicado a la Hdad. de la Vera-Cruz de Sevilla)<\/p>\n\n<p>Voces Graves.<\/p>\n\n<p><strong>Ecce Panis\u00a0\u00a0<\/strong><\/p>\n\n<p>Dos voces mixtas y \u00f3rgano.<\/p>\n<p>\u00a0<\/p>\n<hr \/>\n<ul>\n<li><strong>2023<\/strong><\/li>\n<\/ul>\n<p><\/p>\n<p><strong>Himno a Ntro. Padre Jes\u00fas de la Victoria <\/strong>(dedicado a la Hdad. Sacramental de San Jos\u00e9 Obrero, de San Juan de Aznalfarache &#8211; Sevilla)<\/p>\n<p>Voz y \u00f3rgano<\/p>\n<p>\u00a0<\/p>\n<p><strong>Capilla Musical &#8220;VIA CRUCIS&#8221; 14\u00aa Estaci\u00f3n: Jes\u00fas es puesto en el Sepulcro <\/strong>(dedicado al Via Crucis del Aljarafe, que cada a\u00f1o se realiza en las ruinas romanas de It\u00e1lica, Santiponce, Sevilla)<\/p>\n<p>Tr\u00edo de Capilla: Oboe, Clarinete y Fagot.<\/p>\n<p>\u00a0<\/p>\n<p><strong>Responsoria Tenebrarum <\/strong>Composici\u00f3n para 4 voces graves (TTBB) y Capilla Musical (Oboe, 2 Clarinetes y Fagot) dedicado al Grupo de Voces Graves &#8220;De Profundis&#8221; con motivo de su X Aniversario fundacional. Obra completada con los 18 Responsorios del Oficio de Tinieblas. Dicha composici\u00f3n se realiza durante el mes de julio y agosto de 2023.<\/p>\n<p>TTBrB y CM.<\/p>\n<p>\u00a0<\/p>\n<p><strong>Domina Pauper <\/strong>(Dedicado a la a la Hermandad de la Vera Cruz de Sevilla)<\/p>\n<p>Coro SATB, solista (T) y \u00f3rgano.<\/p>\n<p>\u00a0<\/p>\n<hr \/>\n<ul>\n<li><strong>2024<\/strong><\/li>\n<\/ul>\n<p><strong>Jes\u00fas, Buen Pastor <\/strong>(Dedicado a la Hermandad de los Negritos de Sevilla)<\/p>\n<p>TTBrB y CM.<\/p>\n<p>\u00a0<\/p>\n<p><\/p>\n<p><strong>Himno por los 50 a\u00f1os de Onuva <\/strong>(Dedicado a la Comunidad de Onuva)<\/p>\n<p>Voz y \u00f3rgano.<\/p>\n<p>\u00a0<\/p>\n<p><strong>Los Querubes <\/strong>(Dedicado a la Hermandad de Ntra. Sra. del Consuelo de Alcolea del R\u00edo, Sevilla)<\/p>\n<p>Voz, SATB y \u00f3rgano.<\/p>\n<p>\u00a0<\/p>\n<p><strong>Ecce Lignum Crucis <\/strong>(Dedicado a la Hermandad de la Vera Cruz de Sevilla)<\/p>\n<p>TTBrB y CM.<\/p>\n<p>\u00a0<\/p>\n<p><strong>Capilla Musical &#8220;Aqu\u00ed tienes a tu Madre&#8221; <\/strong>(Dedicada a la Capilla Musical &#8220;Santo Reino&#8221; de Ja\u00e9n por su 25 aniversario)<\/p>\n<p>Oboe, Clarinete y Fagot.<\/p>\n<p>\u00a0<\/p>\n<p>\u00a0<\/p>\n<hr \/>\n<ul>\n<li><strong>2025<\/strong><\/li>\n<\/ul>\n<p><strong>De la Cruz a la Luz <\/strong>(Marcha F\u00fanebre dedicada a la Hermandad del Stmo. Cristo de la Vera-Cruz de Coria del R\u00edo)<\/p>\n<p>Banda de M\u00fasica.<\/p>\n<p>\u00a0<\/p>\n<p><strong>Himno a Jes\u00fas Nazareno <\/strong>(Dedicado a la Hermandad de Nuestro Padre Jes\u00fas Nazareno de Chiclana)<\/p>\n<p>Voz, s\u00f3lista, y \u00f3rgano.<\/p>\n<p>\u00a0<\/p>\n\t\t\t\t\t\t\t\t<\/div>\n\t\t\t\t<\/div>\n\t\t\t\t\t<\/div>\n\t\t<\/div>\n\t\t\t\t\t<\/div>\n\t\t<\/section>\n\t\t\t\t<\/div>\n\t\t","protected":false},"excerpt":{"rendered":"<p>Sergio Asi\u00e1n realiza composiciones desde que pr\u00e1cticamente inicia sus estudios musicales all\u00e1 por 1993. El estilo que prevalece&#8230;<\/p>\n","protected":false},"author":1,"featured_media":0,"parent":0,"menu_order":0,"comment_status":"closed","ping_status":"closed","template":"","meta":{"footnotes":""},"class_list":["post-60","page","type-page","status-publish","hentry"],"_links":{"self":[{"href":"https:\/\/sergioasian.es\/index.php\/wp-json\/wp\/v2\/pages\/60","targetHints":{"allow":["GET"]}}],"collection":[{"href":"https:\/\/sergioasian.es\/index.php\/wp-json\/wp\/v2\/pages"}],"about":[{"href":"https:\/\/sergioasian.es\/index.php\/wp-json\/wp\/v2\/types\/page"}],"author":[{"embeddable":true,"href":"https:\/\/sergioasian.es\/index.php\/wp-json\/wp\/v2\/users\/1"}],"replies":[{"embeddable":true,"href":"https:\/\/sergioasian.es\/index.php\/wp-json\/wp\/v2\/comments?post=60"}],"version-history":[{"count":57,"href":"https:\/\/sergioasian.es\/index.php\/wp-json\/wp\/v2\/pages\/60\/revisions"}],"predecessor-version":[{"id":8452,"href":"https:\/\/sergioasian.es\/index.php\/wp-json\/wp\/v2\/pages\/60\/revisions\/8452"}],"wp:attachment":[{"href":"https:\/\/sergioasian.es\/index.php\/wp-json\/wp\/v2\/media?parent=60"}],"curies":[{"name":"wp","href":"https:\/\/api.w.org\/{rel}","templated":true}]}}