{"id":7503,"date":"2025-05-01T18:44:14","date_gmt":"2025-05-01T18:44:14","guid":{"rendered":"https:\/\/sergioasian.es\/?page_id=7503"},"modified":"2025-05-06T16:51:47","modified_gmt":"2025-05-06T16:51:47","slug":"descargas","status":"publish","type":"page","link":"https:\/\/sergioasian.es\/index.php\/descargas\/","title":{"rendered":"Descargas"},"content":{"rendered":"\t\t<div data-elementor-type=\"wp-page\" data-elementor-id=\"7503\" class=\"elementor elementor-7503\">\n\t\t\t\t\t\t<section class=\"elementor-section elementor-top-section elementor-element elementor-element-33fc867 elementor-section-boxed elementor-section-height-default elementor-section-height-default\" data-id=\"33fc867\" data-element_type=\"section\">\n\t\t\t\t\t\t<div class=\"elementor-container elementor-column-gap-default\">\n\t\t\t\t\t<div class=\"elementor-column elementor-col-100 elementor-top-column elementor-element elementor-element-b587c70\" data-id=\"b587c70\" data-element_type=\"column\">\n\t\t\t<div class=\"elementor-widget-wrap elementor-element-populated\">\n\t\t\t\t\t\t<div class=\"elementor-element elementor-element-4e13419 elementor-widget elementor-widget-text-editor\" data-id=\"4e13419\" data-element_type=\"widget\" data-widget_type=\"text-editor.default\">\n\t\t\t\t<div class=\"elementor-widget-container\">\n\t\t\t\t\t\t\t\t\t<p><span style=\"color: #1b1c1d; font-weight: var( --e-global-typography-text-font-weight ); font-size: 1rem;\">En esta secci\u00f3n podremos descargar las diferentes obras que Sergio Asi\u00e1n ha compuesto a lo largo de todos estos a\u00f1os, entrando en cada secci\u00f3n:<\/span><\/p>\n<p style=\"color: #1b1c1d;\">\u00a0<\/p>\n<ul style=\"color: #1b1c1d; font-family: Verdana, sans-serif;\">\n<li><a href=\"https:\/\/sergioasian.es\/index.php\/obras-para-coro\/\"><span style=\"font-weight: bolder;\">Obras para<\/span><\/a><a href=\"https:\/\/sergioasian.es\/index.php\/obras-para-coro\/\"><span style=\"font-weight: bolder;\">\u00a0Coro<\/span><\/a><\/li>\n<\/ul>\n<ul style=\"color: #1b1c1d; font-family: Verdana, sans-serif;\">\n<li><span style=\"font-weight: bolder;\"><a href=\"https:\/\/sergioasian.es\/index.php\/obras-para-voces-graves\/\">Obras para Voces Graves<\/a><\/span><\/li>\n<\/ul>\n<ul style=\"color: #1b1c1d; font-family: Verdana, sans-serif;\">\n<li><span style=\"font-weight: bolder;\"><a href=\"https:\/\/sergioasian.es\/index.php\/obras-para-capilla-musical\/\">Obras para Capilla Musical<\/a><\/span><\/li>\n<\/ul>\n<ul style=\"color: #1b1c1d; font-family: Verdana, sans-serif;\">\n<li><span style=\"font-weight: bolder;\"><a href=\"https:\/\/sergioasian.es\/index.php\/obras-para-banda-de-musica\/\">Obras para Banda de M\u00fasica<\/a><\/span><\/li>\n<\/ul>\n<ul style=\"color: #1b1c1d; font-family: Verdana, sans-serif;\">\n<li><span style=\"font-weight: bolder;\"><a href=\"https:\/\/sergioasian.es\/index.php\/otras-formaciones\/\">Otras formaciones<\/a><\/span><\/li>\n<\/ul>\n<ul style=\"color: #1b1c1d; font-family: Verdana, sans-serif;\">\n<li><a href=\"https:\/\/sergioasian.es\/index.php\/adaptaciones\/\"><span style=\"font-weight: bolder;\">Adaptaciones<\/span><\/a><\/li>\n<\/ul>\t\t\t\t\t\t\t\t<\/div>\n\t\t\t\t<\/div>\n\t\t\t\t\t<\/div>\n\t\t<\/div>\n\t\t\t\t\t<\/div>\n\t\t<\/section>\n\t\t\t\t<section class=\"elementor-section elementor-top-section elementor-element elementor-element-ebc385d elementor-section-boxed elementor-section-height-default elementor-section-height-default\" data-id=\"ebc385d\" data-element_type=\"section\">\n\t\t\t\t\t\t<div class=\"elementor-container elementor-column-gap-default\">\n\t\t\t\t\t<div class=\"elementor-column elementor-col-100 elementor-top-column elementor-element elementor-element-f5ad2c5\" data-id=\"f5ad2c5\" data-element_type=\"column\">\n\t\t\t<div class=\"elementor-widget-wrap elementor-element-populated\">\n\t\t\t\t\t\t<div class=\"elementor-element elementor-element-bb73ab4 elementor-widget elementor-widget-image\" data-id=\"bb73ab4\" data-element_type=\"widget\" data-widget_type=\"image.default\">\n\t\t\t\t<div class=\"elementor-widget-container\">\n\t\t\t\t\t\t\t\t\t\t\t\t\t\t\t<img fetchpriority=\"high\" decoding=\"async\" width=\"640\" height=\"91\" src=\"https:\/\/sergioasian.es\/wp-content\/uploads\/2021\/01\/cropped-134665004_2858504511084440_8883226855312874946_o-1024x146.jpg\" class=\"attachment-large size-large wp-image-7487\" alt=\"\" srcset=\"https:\/\/sergioasian.es\/wp-content\/uploads\/2021\/01\/cropped-134665004_2858504511084440_8883226855312874946_o-1024x146.jpg 1024w, https:\/\/sergioasian.es\/wp-content\/uploads\/2021\/01\/cropped-134665004_2858504511084440_8883226855312874946_o-300x43.jpg 300w, https:\/\/sergioasian.es\/wp-content\/uploads\/2021\/01\/cropped-134665004_2858504511084440_8883226855312874946_o-768x110.jpg 768w, https:\/\/sergioasian.es\/wp-content\/uploads\/2021\/01\/cropped-134665004_2858504511084440_8883226855312874946_o.jpg 1400w\" sizes=\"(max-width: 640px) 100vw, 640px\" \/>\t\t\t\t\t\t\t\t\t\t\t\t\t\t\t<\/div>\n\t\t\t\t<\/div>\n\t\t\t\t\t<\/div>\n\t\t<\/div>\n\t\t\t\t\t<\/div>\n\t\t<\/section>\n\t\t\t\t<section class=\"elementor-section elementor-top-section elementor-element elementor-element-afdd3dc elementor-section-boxed elementor-section-height-default elementor-section-height-default\" data-id=\"afdd3dc\" data-element_type=\"section\">\n\t\t\t\t\t\t<div class=\"elementor-container elementor-column-gap-default\">\n\t\t\t\t\t<div class=\"elementor-column elementor-col-100 elementor-top-column elementor-element elementor-element-fa769eb\" data-id=\"fa769eb\" data-element_type=\"column\">\n\t\t\t<div class=\"elementor-widget-wrap elementor-element-populated\">\n\t\t\t\t\t\t\t<\/div>\n\t\t<\/div>\n\t\t\t\t\t<\/div>\n\t\t<\/section>\n\t\t\t\t<\/div>\n\t\t","protected":false},"excerpt":{"rendered":"<p>En esta secci\u00f3n podremos descargar las diferentes obras que Sergio Asi\u00e1n ha compuesto a lo largo de todos&#8230;<\/p>\n","protected":false},"author":1,"featured_media":0,"parent":0,"menu_order":0,"comment_status":"closed","ping_status":"closed","template":"","meta":{"footnotes":""},"class_list":["post-7503","page","type-page","status-publish","hentry"],"_links":{"self":[{"href":"https:\/\/sergioasian.es\/index.php\/wp-json\/wp\/v2\/pages\/7503","targetHints":{"allow":["GET"]}}],"collection":[{"href":"https:\/\/sergioasian.es\/index.php\/wp-json\/wp\/v2\/pages"}],"about":[{"href":"https:\/\/sergioasian.es\/index.php\/wp-json\/wp\/v2\/types\/page"}],"author":[{"embeddable":true,"href":"https:\/\/sergioasian.es\/index.php\/wp-json\/wp\/v2\/users\/1"}],"replies":[{"embeddable":true,"href":"https:\/\/sergioasian.es\/index.php\/wp-json\/wp\/v2\/comments?post=7503"}],"version-history":[{"count":74,"href":"https:\/\/sergioasian.es\/index.php\/wp-json\/wp\/v2\/pages\/7503\/revisions"}],"predecessor-version":[{"id":8216,"href":"https:\/\/sergioasian.es\/index.php\/wp-json\/wp\/v2\/pages\/7503\/revisions\/8216"}],"wp:attachment":[{"href":"https:\/\/sergioasian.es\/index.php\/wp-json\/wp\/v2\/media?parent=7503"}],"curies":[{"name":"wp","href":"https:\/\/api.w.org\/{rel}","templated":true}]}}